{"id":8,"date":"2026-04-13T07:17:08","date_gmt":"2026-04-13T07:17:08","guid":{"rendered":"https:\/\/infrareliance.com\/?page_id=8"},"modified":"2026-04-23T04:59:36","modified_gmt":"2026-04-23T04:59:36","slug":"accueil","status":"publish","type":"page","link":"https:\/\/infrareliance.com\/","title":{"rendered":""},"content":{"rendered":"\t\t<div data-elementor-type=\"wp-page\" data-elementor-id=\"8\" class=\"elementor elementor-8\">\n\t\t\t\t<div class=\"elementor-element elementor-element-8ec828f e-flex e-con-boxed e-con e-parent\" data-id=\"8ec828f\" data-element_type=\"container\" data-e-type=\"container\" data-settings=\"{&quot;background_background&quot;:&quot;gradient&quot;}\">\n\t\t\t\t\t<div class=\"e-con-inner\">\n\t\t\t\t<div class=\"elementor-element elementor-element-6e412f88 elementor-widget elementor-widget-text-editor\" data-id=\"6e412f88\" data-element_type=\"widget\" data-e-type=\"widget\" data-widget_type=\"text-editor.default\">\n\t\t\t\t\t\t\t\t\t<h2 style=\"text-align: center;\">Piloter &#8211; Maitriser &#8211; R\u00e9duire les co\u00fbts\u00a0<\/h2>\n<h6 style=\"text-align: center;\">Rapidement nous identifions les \u00e9carts et les pistes d&#8217;am\u00e9lioration.<\/h6>\n<h4 style=\"text-align: center;\">Efficience des infrastructures techniques<\/h4>\n<p style=\"text-align: center;\"><!-- \/wp:paragraph --><!-- wp:paragraph --><\/p>\n<p><!-- \/wp:paragraph --><!-- wp:paragraph --><\/p>\n<h3>\u00a0<\/h3>\n<h3><strong><em>Le constat<\/em><\/strong><\/h3>\n<p><!-- \/wp:paragraph --><!-- wp:paragraph --><\/p>\n<p>Dans de nombreux sites industriels et environnements techniques complexes :<\/p>\n<p><!-- \/wp:paragraph --><!-- wp:paragraph --><\/p>\n<ul>\n<li>des pertes de performance qui restent invisibles, des surconsommations \u00e9nerg\u00e9tiques\u00a0<\/li>\n<li>des installations tellement compliqu\u00e9es que les failles sont imperceptibles<\/li>\n<li>des \u00e9carts entre terrain et supervision avec des d\u00e9cisions bas\u00e9es sur des donn\u00e9es biais\u00e9es\u00a0<\/li>\n<li>des d\u00e9rives d\u2019exploitation qui s\u2019installent progressivement et passent inaper\u00e7ues<\/li>\n<li>la course \u00e0 la transformation digitale et \u00e9nerg\u00e9tique qui s&#8217;op\u00e8re ou il est difficile d&#8217;y voir clair et prioriser<\/li>\n<\/ul>\n<p><!-- \/wp:paragraph --><!-- wp:paragraph --><\/p>\n<p><span style=\"text-decoration: underline;\">Ces \u00e9carts et ces difficiult\u00e9s impactent directement les co\u00fbts, la performance et le futur des organisations.<\/span><\/p>\n<p><!-- \/wp:paragraph --><!-- wp:paragraph --><\/p>\n<h3><strong><em>\u00a0<\/em><\/strong><\/h3>\n<h3><strong><em>Notre action<\/em><\/strong><\/h3>\n<p><!-- \/wp:paragraph --><!-- wp:paragraph --><\/p>\n<p>Nous intervenons sur des installations techniques cibl\u00e9es, avec une approche globale :<\/p>\n<p><!-- \/wp:paragraph --><!-- wp:paragraph --><\/p>\n<ul>\n<li>\u00e9coute de vos besoins et r\u00e9daction d&#8217;un plan d&#8217;action<\/li>\n<li>identification des points critiques sur les installations \u00e0 vecteurs de performance et de co\u00fbt (\u00e9lectricit\u00e9, CVC)<\/li>\n<li>plan de comptabilit\u00e9 et de cha\u00eene \u00e9nerg\u00e9tique (mesure, liaison, supervision)<\/li>\n<li>coh\u00e9rence des donn\u00e9es et exploitation<\/li>\n<li>en filigrane accompagnement dans la transformation digital<\/li>\n<\/ul>\n<p><!-- \/wp:paragraph --><!-- wp:paragraph --><\/p>\n<h3><strong><em>Objectif <\/em><\/strong><\/h3>\n<p><!-- \/wp:paragraph --><!-- wp:paragraph --><\/p>\n<ul>\n<li>Etre meilleurs en qualit\u00e9, d\u00e9lais et co\u00fbt via l&#8217;optimisation de vos infrastructures.\u00a0<\/li>\n<li>En rendant vos installations plus lisibles afin de consolider votre processus de d\u00e9cision en agilit\u00e9 et justesse.<\/li>\n<\/ul>\n<p><!-- \/wp:paragraph --><!-- wp:paragraph --><\/p>\n<h3><strong><em>R\u00e9sultats<\/em><\/strong><\/h3>\n<p><!-- \/wp:paragraph --><!-- wp:paragraph --><\/p>\n<ul>\n<li>visibilit\u00e9 am\u00e9lior\u00e9e<\/li>\n<li>r\u00e9duction des pertes \u00e9nerg\u00e9tiques<\/li>\n<li>s\u00e9curisation des installations<\/li>\n<li>fiabilisation des donn\u00e9es<\/li>\n<li>am\u00e9lioration de la prise de d\u00e9cision<\/li>\n<\/ul>\n<div>\u00a0<\/div>\n<p><!-- \/wp:paragraph --><!-- wp:paragraph --><\/p>\n<h3><strong><em>Notre profil<\/em><\/strong><\/h3>\n<p><!-- \/wp:paragraph --><!-- wp:paragraph --><\/p>\n<ul>\n<li>25 ans d&#8217;expertise dans le b\u00e2timent et les infrastructures techniques<\/li>\n<li>CVC, \u00e9lectricit\u00e9 HT\/BT, informatique industrielle, GTC\/GTB, \u00e9nergie<\/li>\n<li>Approche terrain et syst\u00e8me<\/li>\n<\/ul>\n<p><!-- \/wp:paragraph --><!-- wp:paragraph --><\/p>\n<p><!-- \/wp:paragraph --><!-- wp:paragraph --><\/p>\n<h4><strong><em>\u00a0<\/em><\/strong><\/h4>\n<h3><strong><em>Demander un \u00e9change<\/em><\/strong><\/h3>\n<p><!-- \/wp:paragraph --><!-- wp:paragraph --><\/p>\n<p><a href=\"mailto:contact@infrareliance.fr\">contact@infrareliance.fr<br \/><\/a>+33 6 10 68 09 01<\/p>\n<p>\u00a0<\/p>\n<p><!-- \/wp:paragraph --><!-- wp:paragraph --><\/p>\n<p><!-- \/wp:paragraph --><\/p>\t\t\t\t\t\t\t\t<\/div>\n\t\t\t\t\t<\/div>\n\t\t\t\t<\/div>\n\t\t\t\t<\/div>\n\t\t","protected":false},"excerpt":{"rendered":"<p>Piloter &#8211; Maitriser &#8211; R\u00e9duire les co\u00fbts\u00a0 Rapidement nous identifions les \u00e9carts et les pistes d&#8217;am\u00e9lioration. Efficience des infrastructures techniques \u00a0 Le constat Dans de nombreux sites industriels et environnements techniques complexes : des pertes de performance qui restent invisibles, des surconsommations \u00e9nerg\u00e9tiques\u00a0 des installations tellement compliqu\u00e9es que les failles sont imperceptibles des \u00e9carts entre [&hellip;]<\/p>\n","protected":false},"author":1,"featured_media":0,"parent":0,"menu_order":0,"comment_status":"closed","ping_status":"closed","template":"","meta":{"footnotes":""},"class_list":["post-8","page","type-page","status-publish","hentry"],"_links":{"self":[{"href":"https:\/\/infrareliance.com\/index.php\/wp-json\/wp\/v2\/pages\/8","targetHints":{"allow":["GET"]}}],"collection":[{"href":"https:\/\/infrareliance.com\/index.php\/wp-json\/wp\/v2\/pages"}],"about":[{"href":"https:\/\/infrareliance.com\/index.php\/wp-json\/wp\/v2\/types\/page"}],"author":[{"embeddable":true,"href":"https:\/\/infrareliance.com\/index.php\/wp-json\/wp\/v2\/users\/1"}],"replies":[{"embeddable":true,"href":"https:\/\/infrareliance.com\/index.php\/wp-json\/wp\/v2\/comments?post=8"}],"version-history":[{"count":85,"href":"https:\/\/infrareliance.com\/index.php\/wp-json\/wp\/v2\/pages\/8\/revisions"}],"predecessor-version":[{"id":128,"href":"https:\/\/infrareliance.com\/index.php\/wp-json\/wp\/v2\/pages\/8\/revisions\/128"}],"wp:attachment":[{"href":"https:\/\/infrareliance.com\/index.php\/wp-json\/wp\/v2\/media?parent=8"}],"curies":[{"name":"wp","href":"https:\/\/api.w.org\/{rel}","templated":true}]}}